{"id":2,"date":"2022-04-18T18:25:34","date_gmt":"2022-04-18T18:25:34","guid":{"rendered":"https:\/\/helminieminen.com\/?page_id=2"},"modified":"2026-04-08T09:20:21","modified_gmt":"2026-04-08T07:20:21","slug":"sample-page","status":"publish","type":"page","link":"https:\/\/helminieminen.com\/?page_id=2","title":{"rendered":"INFO"},"content":{"rendered":"\r\n<div id=\"infoteksti\">\r\n<p>\u0295\u3065\u2022\u1d25\u2022\u0294\u3065 <strong>Welcome<\/strong><\/p>\r\n<p><strong>Helmi Nieminen b.1997, FI<\/strong><\/p>\r\n<p>Helmi Nieminen is a visual artist living in Helsinki. Through a wide range of materials Helmi imagines and creates different worlds and seeks for comfort. Through colorful installations her works come together and invite the viewer to step inside her universe. Helmis\u2019 world is inhabited by animals and other imagined characters that depict different emotions she experiences in her everyday life.<\/p>\r\n<p>&nbsp;<\/p>  \r\n<p id=\"pinkkiteksti\">\u00a0<\/p>\r\n<p id=\"pinkkiteksti\"><strong>Education <\/strong><\/p>\r\n<p id=\"pinkkiteksti\">2018-2022 Royal Academy of Art The Hague, BA Fine Arts<\/p>\r\n<p id=\"pinkkiteksti\">\u00a0<\/p>\r\n<p id=\"pinkkiteksti\"><strong>Upcoming<\/strong><\/p>\r\n<p id=\"pinkkiteksti\">06\/2026 Duo exhibition, Kammio Gallery, Helsinki\r\n<p id=\"pinkkiteksti\">06\/2026 Solstice Festival, Art program \r\n<p id=\"pinkkiteksti\">11\/2026 Duo exhibition, Meterhuisje, Amsterdam  \r\n<p id=\"pinkkiteksti\"><strong>Solo shows<\/strong><\/p>\r\n<p id=\"pinkkiteksti\">2026 I keep a star in my pocket for luck, Vallilan panimo, Helsinki\r\n<p id=\"pinkkiteksti\">2025 My feet grew as I walked in the fog, B-gallery, Turku <\/p>\r\n<p id=\"pinkkiteksti\"><strong>Duo shows<\/strong><\/p>\r\n<p id=\"pinkkiteksti\">2026 HORSEBACK, Curated by Earthbound Lovers, Lou Gallery, Helsinki\r\n<p id=\"pinkkiteksti\">2025 Kattebel\/\/Kissankello, Maa-tila project space, Helsinki<\/p>\r\n<p id=\"pinkkiteksti\">2023 I saw a Sun crawling on my bed, I saw the Sun growing two wings, Trixie, The Hague\r\n<p id=\"pinkkiteksti\"><strong>Group Exhibitions<\/strong><\/p> \r\n<p id=\"pinkkiteksti\">2025 Jumpscare Catharsis, Loisti Gallery, Helsinki\r\n<p id=\"pinkkiteksti\">2024 PETANQUE, Alli Trygg park, Helsinki \r\n<p id=\"pinkkiteksti\">2024 NIGHT LORE, Pitted Dates, Helsinki\r\n<p id=\"pinkkiteksti\">2024 it May blossom, Kyykky gallery, Helsinki \r\n<p id=\"pinkkiteksti\">2023 Earthbound Lovers, k17, Sipoo \r\n<p id=\"pinkkiteksti\">2023 De Groete Keramiekshow 3, No Limits Art Castle, Amsterdam \r\n<p id=\"pinkkiteksti\">2022 BA degree show Royal Academy of Art, The Hague\u00a0<\/p>\r\n<p id=\"pinkkiteksti\">2022 Playing House, The Hague<\/p>\r\n<p id=\"pinkkiteksti\">2021 As is Where is, Verheeskade 321, The Hague<\/p>\r\n<p id=\"pinkkiteksti\">2021 Untitled, Maakhaven, The Hague<\/p>\r\n<p id=\"pinkkiteksti\">2020 Dharma initiative Episode 4: Greenhouse, Vantaa<\/p>\r\n<p id=\"pinkkiteksti\">2019 The Little Big Doll House, The Hague<\/p>\r\n<p id=\"pinkkiteksti\">\u00a0<\/p>\r\n<p id=\"pinkkiteksti\"><strong>Tonttubaari\/Gnome Cafe<\/strong><\/p>\r\n<p id=\"pinkkiteksti\">2025 Soiva mets\u00e4 festival, Suomussalmi <\/p>\r\n<p id=\"pinkkiteksti\">2024 M\u00e4t\u00e4joki, Kannelm\u00e4ki, Helsinki<\/p>\r\n<p id=\"pinkkiteksti\">2023 Mosafest, Helsinki<\/p>\r\n<p id=\"pinkkiteksti\"><strong>Publications <\/strong><\/p>\r\n<p id=\"pinkkiteksti\">2019 Where Is Sally, Self-published zine, The Hague<\/p>\r\n<p id=\"pinkkiteksti\">2019 Lizzy, Self-published zine, The Hague<\/p>\r\n<p id=\"pinkkiteksti\"><strong>Other publications and illustrations<\/strong><\/p>\r\n<p id=\"pinkkiteksti\">2025 Fantasy Football magazine, Helsinki \r\n<p id=\"pinkkiteksti\">2025 POP ristikot, Helsinki<\/p>\r\n<p id=\"pinkkiteksti\">2024 Post bar poster, Helsinki\u00a0<\/p>\r\n<p id=\"pinkkiteksti\">2022 Kissa, Apinalinna vinyl cover art, Helsinki\u00a0\u00a0<\/p>\r\n<p id=\"pinkkiteksti\">2022 Libero magazine, illustrations, Helsinki\u00a0<\/p>\r\n<p id=\"pinkkiteksti\">2018 Ante Noveau Issue no. 1, Helsinki<\/p>\r\n\u22c6\u207a\u208a\u22c6 \u263e\u22c6\u207a\u208a\u22c6\u22c6\u207a\u208a\u22c6\r\n<p id=\"pinkkiteksti\"><strong>Grants<\/strong><\/p>\r\n<p id=\"pinkkiteksti\">2026 Kone Foundation, working grant\r\n<p id=\"pinkkiteksti\">2025 Kone Foundation, working grant \r\n<p id=\"pinkkiteksti\">2023 Frame Contemporary Art Finland, travel grant  \r\n<p>&nbsp;<\/p>\r\n<p><strong> Mail me:  \ud83d\udce9 helmipop@gmail.com<\/strong><\/a><\/p>\r\n<p id=\"pinkkiteksti\"><strong>Instagram <a href=\"https:\/\/www.instagram.com\/helmi_justiina\/\">@helmi_justiina<\/a> \u00a0<\/strong><\/p>\r\n<p>(\u2741\u1d17\u0348\u02ec\u1d17\u0348) \u0f09\u2027 *.\u2764 \u2727 \u270e\u2026..see you soon!<\/p>\r\n<\/div>\r\n","protected":false},"excerpt":{"rendered":"<p>\u0295\u3065\u2022\u1d25\u2022\u0294\u3065 Welcome Helmi Nieminen b.1997, FI Helmi Nieminen is a visual artist living in Helsinki. Through a wide range of materials Helmi imagines and creates different worlds and seeks for comfort. Through colorful installations her works come together and invite the viewer to step inside her universe. Helmis\u2019 world is inhabited by animals and other [&hellip;]<\/p>\n","protected":false},"author":1,"featured_media":0,"parent":0,"menu_order":0,"comment_status":"closed","ping_status":"open","template":"","meta":{"_vp_format_video_url":"","_vp_image_focal_point":[],"footnotes":""},"class_list":["post-2","page","type-page","status-publish","hentry"],"_links":{"self":[{"href":"https:\/\/helminieminen.com\/index.php?rest_route=\/wp\/v2\/pages\/2","targetHints":{"allow":["GET"]}}],"collection":[{"href":"https:\/\/helminieminen.com\/index.php?rest_route=\/wp\/v2\/pages"}],"about":[{"href":"https:\/\/helminieminen.com\/index.php?rest_route=\/wp\/v2\/types\/page"}],"author":[{"embeddable":true,"href":"https:\/\/helminieminen.com\/index.php?rest_route=\/wp\/v2\/users\/1"}],"replies":[{"embeddable":true,"href":"https:\/\/helminieminen.com\/index.php?rest_route=%2Fwp%2Fv2%2Fcomments&post=2"}],"version-history":[{"count":95,"href":"https:\/\/helminieminen.com\/index.php?rest_route=\/wp\/v2\/pages\/2\/revisions"}],"predecessor-version":[{"id":1581,"href":"https:\/\/helminieminen.com\/index.php?rest_route=\/wp\/v2\/pages\/2\/revisions\/1581"}],"wp:attachment":[{"href":"https:\/\/helminieminen.com\/index.php?rest_route=%2Fwp%2Fv2%2Fmedia&parent=2"}],"curies":[{"name":"wp","href":"https:\/\/api.w.org\/{rel}","templated":true}]}}